{"id":5876,"date":"2025-09-15T00:00:49","date_gmt":"2025-09-15T00:00:49","guid":{"rendered":"https:\/\/recette.msh-intl.com\/mentions-legales\/"},"modified":"2025-10-23T09:30:05","modified_gmt":"2025-10-23T09:30:05","slug":"legal-notices","status":"publish","type":"page","link":"https:\/\/recette.msh-intl.com\/en\/legal-notices\/","title":{"rendered":"LEGAL NOTICES"},"content":{"rendered":"<div class=\"wpb-content-wrapper\">[vc_row full_width=&#8221;stretch_row_content&#8221; pix_particles_check=&#8221;&#8221; el_class=&#8221;header-classic nobg&#8221;][vc_column]<div id=\"el1756733135768-b99b10ae-2e39\" class=\"pix-el-text   w-100  \" ><p class=\"\"><h1 style=\"text-align: center;\">LEGAL NOTICES<br \/>\n<span style=\"color: #7900f0;\">MSH INTERNATIONAL<\/span><\/h1>\n<\/p><\/div>[\/vc_column][\/vc_row][vc_row pix_particles_check=&#8221;&#8221; el_class=&#8221;mobilmmention width1090&#8243;][vc_column][vc_column_text css=&#8221;&#8221; el_class=&#8221;mentiolegale&#8221;]\r\n\r\n<section id=\"editeur\">\r\n<h3>Website\u2019s publisher:<\/h3>\r\nMSH INTERNATIONAL\r\nA simplified joint stock company (Soci\u00e9t\u00e9 par Actions Simplifi\u00e9e) with a capital of \u20ac2,500,000\r\nRegistered with the Paris Trade and Companies Register under no. 352 807 549\r\nInsurance brokerage company registered with ORIAS under no. 07 002 751 &#8211; <a href=\"http:\/\/www.orias.fr\">www.orias.fr<\/a>\r\nRegistered office: 39 rue Mstislav Rostropovitch &#8211; 75017 Paris &#8211; France\r\nCompany subject to the French Prudential Supervision and Resolution Authority &#8211; 4 place de Budapest \u2013 CS 92459 &#8211; 75436 Paris Cedex 09 \u2013 France\r\n\r\nIntra-community VAT no.: FR 78 352 807 549\r\n\r\nTel: +33144202998\r\nE-mail: <a href=\"mailto:contact@msh-intl.com\">contact@msh-intl.com<\/a>\r\n\r\n<strong>Director of publication:<\/strong>\r\nFr\u00e9d\u00e9ric Grand, Chairman\r\n\r\n<strong>Website\u2019s host:<\/strong>\r\nSOPRA STERIA GROUP\r\nPAE Les Glaisins &#8211; 3 rue du Pr\u00e9 Faucon &#8211; ANNECY LE VIEUX\r\n74940 ANNECY\r\n\r\n<\/section>[\/vc_column_text][vc_column_text css=&#8221;&#8221; el_class=&#8221;mentiolegale&#8221;]\r\n\r\n<section id=\"droits-dauteur-copyright\">\r\n<h3>COPYRIGHT NOTICE<\/h3>\r\nAll rights reserved \u00a9 MSH International 2025. All contents of any nature (fixed or animated images, databases, trademarks, illustrations, logos, drawings, models, layouts, downloadable documents) contained in this website are protected as intellectual works by French and international copyright laws. Unless specified otherwise, these contents remain the sole property of MSH International. This means that under penalty of law, no part of the website may be reproduced, represented, adapted, partially or totally modified in any form or by any means without prior written permission.\r\n\r\nTrademarks and logos reproduced on our website are registered. Any reproduction, republication or further distribution of trademarks and logos in whole or in part by any means without prior written permission is strictly prohibited, as provided by Article L.713-2 of the French Intellectual Property Code.\r\n\r\n<\/section>[\/vc_column_text][vc_column_text css=&#8221;&#8221; el_class=&#8221;mentiolegale&#8221;]\r\n\r\n<section id=\"droit-applicable\">\r\n<h3>APPLICABLE LAW<\/h3>\r\nThis website is governed by the laws of France. Any litigation will be tried before French courts.\r\n\r\n<\/section>[\/vc_column_text][vc_column_text css=&#8221;&#8221; el_class=&#8221;mentiolegale&#8221;]\r\n\r\n<section id=\"responsabilite\">\r\n<h3>LIABILITY<\/h3>\r\nThe information contained on this site is provided for informational purposes only and may be modified at any time by MSH International. MSH International cannot guarantee the accuracy of the information contained on this site. Furthermore, MSH International cannot be held liable under any circumstances for the use of the information published on this site or for the absence of specific information.<i><\/i>\r\n\r\n<\/section>[\/vc_column_text][vc_column_text css=&#8221;&#8221; el_class=&#8221;mentiolegale&#8221;]\r\n\r\n<section id=\"cookies\">\r\n<h3>INFORMATION ABOUT COOKIES<\/h3>\r\nMSH International, a company of the DIOT-SIACI Group, has produced this fact sheet to make it clear how we use cookies on our website. This fact sheet may be updated, including for reasons of compliance with legal and regulatory developments, so we recommend checking it regularly.\r\n\r\n<strong>WHAT IS A COOKIE?<\/strong>\r\nCookies are small files that are placed and stored on your devices (computer, tablet, mobile phone, etc.) to allow us to gather information on how you browse our website.\r\n\r\n<strong>WHAT TYPES OF COOKIES DO WE USE AND WHY?<\/strong>\r\nThese are the only types of cookies we use on our website:\r\n\r\n\u2022 Essential cookies\r\n\r\nThese are crucial for the proper functioning of a website and enable basic features such as page navigation and access to secure areas of the website. Without these cookies, the website cannot function properly.\r\n\r\nThey include:\r\n\u2022 Session cookies,\r\n\u2022 Cookies required to ensure our website is secure, to prevent fraudulent access to your session, for example.\r\nThese cookies do not require your consent.\r\n\r\n\u2022 Web analytics cookies\r\nStatistical cookies help website administrators to understand how visitors interact with websites by collecting and reporting information anonymously.\r\nThese cookies help us analyze your browsing and behavior on our website to identify any problems and improve our content, for example, by analyzing the pages you click on, how long you are logged in, the pages you are viewing when you leave our site, etc.\r\nThese cookies do not require your consent except in certain cases provided for by law (see the French Data Protection Authority (CNIL) website <a href=\"https:\/\/www.cnil.fr\/fr\/cookies-traceurs-que-dit-la-loi\">https:\/\/www.cnil.fr\/fr\/cookies-traceurs-que-dit-la-loi<\/a>). However, you can opt out at any time.\r\n\r\n\u2022 Marketing cookies\r\nMarketing cookies are used to track visitors across websites. Their purpose is to display ads that are relevant and engaging for the individual user, and therefore more valuable for publishers and third-party advertisers.\r\nThese cookies help us provide you with relevant, personalized advertising content (in the form of banner ads) based on your browsing. Our website also uses third-party cookies which will have access to your browsing data for the purpose of targeted advertising.\r\nThese cookies require your prior consent.\r\n\r\n<strong>WHO CAN PLACE COOKIES ON YOUR DEVICES?<\/strong>\r\nThe above-mentioned cookies may be placed by us or by third-party partners, provided you have given your consent. This means that these third parties may have direct access to your browsing data. Below is a table showing the cookies placed on your devices and the corresponding third-party partners. We recommend reading their cookie policy directly on their website.\r\n\r\n<strong>HOW LONG IS YOUR CONSENT VALID?<\/strong>\r\nThe duration of your consent depends on the particular cookie but under no circumstances can it exceed a maximum of 6 months.\r\n\r\n<strong>WHAT ARE YOUR RIGHTS?<\/strong>\r\nA banner asked you to accept all of our cookies, reject them or customize how they are configured. This information banner was displayed when you visited our website.\r\nYou can manage your consent at any time by adjusting your browser settings.\r\n\r\n<\/section>[\/vc_column_text][vc_column_text css=&#8221;&#8221; el_class=&#8221;mentiolegale&#8221;]\r\n\r\n<section id=\"cookies-table\">\r\n<h3>Tableaux des cookies pr\u00e9sents sur notre site<\/h3>\r\n<div class=\"table-wrapper\">\r\n<table>\r\n<thead>\r\n<tr>\r\n<th>Nom du cookie<\/th>\r\n<th>Type de cookie<\/th>\r\n<th>Entit\u00e9 d\u00e9posante<\/th>\r\n<th>Dur\u00e9e de conservation<\/th>\r\n<\/tr>\r\n<\/thead>\r\n<tbody>\r\n<tr>\r\n<td>test_cookie<\/td>\r\n<td>SESSION (N\u00c9CESSAIRE)<\/td>\r\n<td>Google<\/td>\r\n<td>1 jour<\/td>\r\n<\/tr>\r\n<tr>\r\n<td>TS# [x2]<\/td>\r\n<td>SESSION (N\u00c9CESSAIRE)<\/td>\r\n<td>www.msh-intl.com<\/td>\r\n<td>Session<\/td>\r\n<\/tr>\r\n<tr>\r\n<td>CookieConsent<\/td>\r\n<td>SESSION (N\u00c9CESSAIRE)<\/td>\r\n<td>Cookiebot<\/td>\r\n<td>1 ann\u00e9e<\/td>\r\n<\/tr>\r\n<tr>\r\n<td>PHPSESSID [x2]<\/td>\r\n<td>SESSION (N\u00c9CESSAIRE)<\/td>\r\n<td>www.msh-intl.com<\/td>\r\n<td>Session<\/td>\r\n<\/tr>\r\n<tr>\r\n<td>c.gif<\/td>\r\n<td>STATISTIQUES<\/td>\r\n<td>Microsoft<\/td>\r\n<td>Session<\/td>\r\n<\/tr>\r\n<tr>\r\n<td>collect<\/td>\r\n<td>STATISTIQUES<\/td>\r\n<td>Google<\/td>\r\n<td>Session<\/td>\r\n<\/tr>\r\n<tr>\r\n<td>_clck<\/td>\r\n<td>STATISTIQUES<\/td>\r\n<td>Microsoft<\/td>\r\n<td>1 ann\u00e9e<\/td>\r\n<\/tr>\r\n<tr>\r\n<td>_clsk<\/td>\r\n<td>STATISTIQUES<\/td>\r\n<td>Microsoft<\/td>\r\n<td>1 jour<\/td>\r\n<\/tr>\r\n<tr>\r\n<td>_ga [x3]<\/td>\r\n<td>STATISTIQUES<\/td>\r\n<td>Google<\/td>\r\n<td>2 ann\u00e9es<\/td>\r\n<\/tr>\r\n<tr>\r\n<td>_ga_f*<\/td>\r\n<td>STATISTIQUES<\/td>\r\n<td>Google<\/td>\r\n<td>2 ann\u00e9es<\/td>\r\n<\/tr>\r\n<tr>\r\n<td>_gat<\/td>\r\n<td>STATISTIQUES<\/td>\r\n<td>Google<\/td>\r\n<td>1 jour<\/td>\r\n<\/tr>\r\n<tr>\r\n<td>_gid<\/td>\r\n<td>STATISTIQUES<\/td>\r\n<td>Google<\/td>\r\n<td>1 jour<\/td>\r\n<\/tr>\r\n<tr>\r\n<td>_cltk<\/td>\r\n<td>STATISTIQUES<\/td>\r\n<td>Microsoft<\/td>\r\n<td>Session<\/td>\r\n<\/tr>\r\n<tr>\r\n<td>_cluid<\/td>\r\n<td>STATISTIQUES<\/td>\r\n<td>Microsoft<\/td>\r\n<td>Session<\/td>\r\n<\/tr>\r\n<tr>\r\n<td>cid<\/td>\r\n<td>STATISTIQUES<\/td>\r\n<td>Matomo<\/td>\r\n<td>1 ann\u00e9e<\/td>\r\n<\/tr>\r\n<tr>\r\n<td>td<\/td>\r\n<td>STATISTIQUES<\/td>\r\n<td>Google<\/td>\r\n<td>Session<\/td>\r\n<\/tr>\r\n<tr>\r\n<td>_pk_id#<\/td>\r\n<td>STATISTIQUES<\/td>\r\n<td>Matomo<\/td>\r\n<td>1 ann\u00e9e<\/td>\r\n<\/tr>\r\n<tr>\r\n<td>_pk_ses#<\/td>\r\n<td>STATISTIQUES<\/td>\r\n<td>Matomo<\/td>\r\n<td>1 jour<\/td>\r\n<\/tr>\r\n<tr>\r\n<td>uetsid<\/td>\r\n<td>MARKETING<\/td>\r\n<td>Microsoft<\/td>\r\n<td>1 jour<\/td>\r\n<\/tr>\r\n<tr>\r\n<td>_uetsid_exp<\/td>\r\n<td>MARKETING<\/td>\r\n<td>Microsoft<\/td>\r\n<td>Persistent<\/td>\r\n<\/tr>\r\n<tr>\r\n<td>_uetvid<\/td>\r\n<td>MARKETING<\/td>\r\n<td>Microsoft<\/td>\r\n<td>1 ann\u00e9e<\/td>\r\n<\/tr>\r\n<tr>\r\n<td>_uetvid_exp<\/td>\r\n<td>MARKETING<\/td>\r\n<td>Microsoft<\/td>\r\n<td>Persistent<\/td>\r\n<\/tr>\r\n<tr>\r\n<td>MR [x2]<\/td>\r\n<td>MARKETING<\/td>\r\n<td>Microsoft<\/td>\r\n<td>7 jours<\/td>\r\n<\/tr>\r\n<tr>\r\n<td>MSPTC [x2]<\/td>\r\n<td>MARKETING<\/td>\r\n<td>Microsoft<\/td>\r\n<td>1 ann\u00e9e<\/td>\r\n<\/tr>\r\n<tr>\r\n<td>MUID [x2]<\/td>\r\n<td>MARKETING<\/td>\r\n<td>Microsoft<\/td>\r\n<td>1 ann\u00e9e<\/td>\r\n<\/tr>\r\n<tr>\r\n<td>SRM_B<\/td>\r\n<td>MARKETING<\/td>\r\n<td>Microsoft<\/td>\r\n<td>1 ann\u00e9e<\/td>\r\n<\/tr>\r\n<tr>\r\n<td>ANONCHK<\/td>\r\n<td>MARKETING<\/td>\r\n<td>Microsoft<\/td>\r\n<td>1 jour<\/td>\r\n<\/tr>\r\n<tr>\r\n<td>SM<\/td>\r\n<td>MARKETING<\/td>\r\n<td>Microsoft<\/td>\r\n<td>Session<\/td>\r\n<\/tr>\r\n<tr>\r\n<td>lastExternalReferrer<\/td>\r\n<td>MARKETING<\/td>\r\n<td>Meta Platforms, Inc.<\/td>\r\n<td>Persistent<\/td>\r\n<\/tr>\r\n<tr>\r\n<td>lastExternalReferrerTime<\/td>\r\n<td>MARKETING<\/td>\r\n<td>Meta Platforms, Inc.<\/td>\r\n<td>Persistent<\/td>\r\n<\/tr>\r\n<tr>\r\n<td>pagead\/landing<\/td>\r\n<td>MARKETING<\/td>\r\n<td>Google<\/td>\r\n<td>Session<\/td>\r\n<\/tr>\r\n<tr>\r\n<td>ads\/ga-audiences<\/td>\r\n<td>MARKETING<\/td>\r\n<td>Google<\/td>\r\n<td>Session<\/td>\r\n<\/tr>\r\n<tr>\r\n<td>_fbp<\/td>\r\n<td>MARKETING<\/td>\r\n<td>Meta Platforms, Inc.<\/td>\r\n<td>3 mois<\/td>\r\n<\/tr>\r\n<tr>\r\n<td>_gcl_au<\/td>\r\n<td>MARKETING<\/td>\r\n<td>Google<\/td>\r\n<td>3 mois<\/td>\r\n<\/tr>\r\n<tr>\r\n<td>LAST_RESULT_ENTRY_KEY<\/td>\r\n<td>MARKETING<\/td>\r\n<td>YouTube<\/td>\r\n<td>Session<\/td>\r\n<\/tr>\r\n<tr>\r\n<td>LogsDatabaseV2:V# | LogsRequestsStore<\/td>\r\n<td>MARKETING<\/td>\r\n<td>YouTube<\/td>\r\n<td>Persistent<\/td>\r\n<\/tr>\r\n<tr>\r\n<td>PREF<\/td>\r\n<td>MARKETING<\/td>\r\n<td>YouTube<\/td>\r\n<td>8 mois<\/td>\r\n<\/tr>\r\n<tr>\r\n<td>remote_sid<\/td>\r\n<td>MARKETING<\/td>\r\n<td>YouTube<\/td>\r\n<td>Session<\/td>\r\n<\/tr>\r\n<tr>\r\n<td>ServiceWorkerLogsDatabase#SWHealthLog<\/td>\r\n<td>MARKETING<\/td>\r\n<td>YouTube<\/td>\r\n<td>Persistent<\/td>\r\n<\/tr>\r\n<tr>\r\n<td>TESTCOOKIESENABLED<\/td>\r\n<td>MARKETING<\/td>\r\n<td>YouTube<\/td>\r\n<td>1 jour<\/td>\r\n<\/tr>\r\n<tr>\r\n<td>VISITOR_INFO1_LIVE<\/td>\r\n<td>MARKETING<\/td>\r\n<td>YouTube<\/td>\r\n<td>180 jours<\/td>\r\n<\/tr>\r\n<tr>\r\n<td>VISITOR_PRIVACY_METADATA<\/td>\r\n<td>MARKETING<\/td>\r\n<td>YouTube<\/td>\r\n<td>180 jours<\/td>\r\n<\/tr>\r\n<tr>\r\n<td>YSC<\/td>\r\n<td>MARKETING<\/td>\r\n<td>YouTube<\/td>\r\n<td>Session<\/td>\r\n<\/tr>\r\n<tr>\r\n<td>ytidb::LAST_RESULT_ENTRY_KEY<\/td>\r\n<td>MARKETING<\/td>\r\n<td>YouTube<\/td>\r\n<td>Persistent<\/td>\r\n<\/tr>\r\n<tr>\r\n<td>ytidbMetaDatabases<\/td>\r\n<td>MARKETING<\/td>\r\n<td>YouTube<\/td>\r\n<td>Persistent<\/td>\r\n<\/tr>\r\n<tr>\r\n<td>yt-remote-cast-available<\/td>\r\n<td>MARKETING<\/td>\r\n<td>YouTube<\/td>\r\n<td>Session<\/td>\r\n<\/tr>\r\n<tr>\r\n<td>yt-remote-cast-installed<\/td>\r\n<td>MARKETING<\/td>\r\n<td>YouTube<\/td>\r\n<td>Session<\/td>\r\n<\/tr>\r\n<tr>\r\n<td>yt-remote-connected-devices<\/td>\r\n<td>MARKETING<\/td>\r\n<td>YouTube<\/td>\r\n<td>Persistent<\/td>\r\n<\/tr>\r\n<tr>\r\n<td>yt-remote-device-id<\/td>\r\n<td>MARKETING<\/td>\r\n<td>YouTube<\/td>\r\n<td>Persistent<\/td>\r\n<\/tr>\r\n<tr>\r\n<td>yt-remote-fast-check-period<\/td>\r\n<td>MARKETING<\/td>\r\n<td>YouTube<\/td>\r\n<td>Session<\/td>\r\n<\/tr>\r\n<tr>\r\n<td>yt-remote-session-app<\/td>\r\n<td>MARKETING<\/td>\r\n<td>YouTube<\/td>\r\n<td>Session<\/td>\r\n<\/tr>\r\n<tr>\r\n<td>yt-remote-session-name<\/td>\r\n<td>MARKETING<\/td>\r\n<td>YouTube<\/td>\r\n<td>Session<\/td>\r\n<\/tr>\r\n<\/tbody>\r\n<\/table>\r\n<\/div>\r\n<\/section>[\/vc_column_text][\/vc_column][\/vc_row]<\/div>","protected":false},"excerpt":{"rendered":"[vc_row full_width=&#8221;stretch_row_content&#8221; pix_particles_check=&#8221;&#8221; el_class=&#8221;header-classic nobg&#8221;][vc_column][\/vc_column][\/vc_row][vc_row pix_particles_check=&#8221;&#8221; el_class=&#8221;mobilmmention width1090&#8243;][vc_column][vc_column_text css=&#8221;&#8221; el_class=&#8221;mentiolegale&#8221;] Website\u2019s publisher: MSH INTERNATIONAL A simplified joint stock company (Soci\u00e9t\u00e9 par Actions Simplifi\u00e9e) with a capital of \u20ac2,500,000 Registered with the Paris Trade and Companies Register under no. 352 807&#8230;","protected":false},"author":1,"featured_media":0,"parent":0,"menu_order":0,"comment_status":"closed","ping_status":"closed","template":"","meta":{"_acf_changed":false,"footnotes":""},"categories":[],"class_list":["post-5876","page","type-page","status-publish","hentry"],"acf":[],"_links":{"self":[{"href":"https:\/\/recette.msh-intl.com\/en\/wp-json\/wp\/v2\/pages\/5876","targetHints":{"allow":["GET"]}}],"collection":[{"href":"https:\/\/recette.msh-intl.com\/en\/wp-json\/wp\/v2\/pages"}],"about":[{"href":"https:\/\/recette.msh-intl.com\/en\/wp-json\/wp\/v2\/types\/page"}],"author":[{"embeddable":true,"href":"https:\/\/recette.msh-intl.com\/en\/wp-json\/wp\/v2\/users\/1"}],"replies":[{"embeddable":true,"href":"https:\/\/recette.msh-intl.com\/en\/wp-json\/wp\/v2\/comments?post=5876"}],"version-history":[{"count":3,"href":"https:\/\/recette.msh-intl.com\/en\/wp-json\/wp\/v2\/pages\/5876\/revisions"}],"predecessor-version":[{"id":7475,"href":"https:\/\/recette.msh-intl.com\/en\/wp-json\/wp\/v2\/pages\/5876\/revisions\/7475"}],"wp:attachment":[{"href":"https:\/\/recette.msh-intl.com\/en\/wp-json\/wp\/v2\/media?parent=5876"}],"wp:term":[{"taxonomy":"category","embeddable":true,"href":"https:\/\/recette.msh-intl.com\/en\/wp-json\/wp\/v2\/categories?post=5876"}],"curies":[{"name":"wp","href":"https:\/\/api.w.org\/{rel}","templated":true}]}}