{"id":5924,"date":"2025-08-11T20:03:24","date_gmt":"2025-08-11T20:03:24","guid":{"rendered":"https:\/\/recette.msh-intl.com\/vous-partez-pour-un-an-ou-plus\/"},"modified":"2025-08-11T20:03:24","modified_gmt":"2025-08-11T20:03:24","slug":"vous-partez-pour-un-an-ou-plus","status":"publish","type":"page","link":"https:\/\/recette.msh-intl.com\/en\/vous-partez-pour-un-an-ou-plus\/","title":{"rendered":"Vous partez pour un an ou plus ?"},"content":{"rendered":"","protected":false},"excerpt":{"rendered":"D\u00e9couvrez nos solutions\u00a0d&#8217;assurance sant\u00e9 internationale\u00a0compl\u00e8tes et &#8220;\u00e0 la carte&#8221; et b\u00e9n\u00e9ficiez d\u2019une protection optimale pour vous et votre famille durant votre s\u00e9jour \u00e0 l\u2019\u00e9tranger.","protected":false},"author":1,"featured_media":1965,"parent":0,"menu_order":0,"comment_status":"closed","ping_status":"closed","template":"","meta":{"_acf_changed":false,"footnotes":""},"categories":[],"class_list":["post-5924","page","type-page","status-publish","has-post-thumbnail","hentry"],"acf":[],"_links":{"self":[{"href":"https:\/\/recette.msh-intl.com\/en\/wp-json\/wp\/v2\/pages\/5924","targetHints":{"allow":["GET"]}}],"collection":[{"href":"https:\/\/recette.msh-intl.com\/en\/wp-json\/wp\/v2\/pages"}],"about":[{"href":"https:\/\/recette.msh-intl.com\/en\/wp-json\/wp\/v2\/types\/page"}],"author":[{"embeddable":true,"href":"https:\/\/recette.msh-intl.com\/en\/wp-json\/wp\/v2\/users\/1"}],"replies":[{"embeddable":true,"href":"https:\/\/recette.msh-intl.com\/en\/wp-json\/wp\/v2\/comments?post=5924"}],"version-history":[{"count":1,"href":"https:\/\/recette.msh-intl.com\/en\/wp-json\/wp\/v2\/pages\/5924\/revisions"}],"predecessor-version":[{"id":5925,"href":"https:\/\/recette.msh-intl.com\/en\/wp-json\/wp\/v2\/pages\/5924\/revisions\/5925"}],"wp:featuredmedia":[{"embeddable":true,"href":"https:\/\/recette.msh-intl.com\/en\/wp-json\/wp\/v2\/media\/1965"}],"wp:attachment":[{"href":"https:\/\/recette.msh-intl.com\/en\/wp-json\/wp\/v2\/media?parent=5924"}],"wp:term":[{"taxonomy":"category","embeddable":true,"href":"https:\/\/recette.msh-intl.com\/en\/wp-json\/wp\/v2\/categories?post=5924"}],"curies":[{"name":"wp","href":"https:\/\/api.w.org\/{rel}","templated":true}]}}